{"id":9004,"date":"2021-06-28T18:49:08","date_gmt":"2021-06-28T18:49:08","guid":{"rendered":"https:\/\/brandnomika.lt\/?page_id=9004"},"modified":"2022-08-10T20:33:40","modified_gmt":"2022-08-10T20:33:40","slug":"about-us","status":"publish","type":"page","link":"https:\/\/brandnomika.lt\/en\/about-us\/","title":{"rendered":"About us"},"content":{"rendered":"\t\t<div data-elementor-type=\"wp-page\" data-elementor-id=\"9004\" class=\"elementor elementor-9004 elementor-1719\" data-elementor-settings=\"[]\">\n\t\t\t\t\t\t\t<div class=\"elementor-section-wrap\">\n\t\t\t\t\t\t\t<section class=\"elementor-section elementor-top-section elementor-element elementor-element-67c45f8b elementor-section-full_width elementor-section-height-default elementor-section-height-default qodef-parallax-row-no qodef-content-aligment-left qodef-row-grid-no qodef-disabled-bg-image-bellow-no\" data-id=\"67c45f8b\" data-element_type=\"section\" data-settings=\"{&quot;background_background&quot;:&quot;classic&quot;}\">\n\t\t\t\t\t\t<div class=\"elementor-container elementor-column-gap-default\">\n\t\t\t\t\t<div class=\"elementor-column elementor-col-100 elementor-top-column elementor-element elementor-element-420d22ef\" data-id=\"420d22ef\" data-element_type=\"column\">\n\t\t\t<div class=\"elementor-widget-wrap elementor-element-populated\">\n\t\t\t\t\t\t\t\t<section class=\"elementor-section elementor-inner-section elementor-element elementor-element-22607e9 qodef-row-grid-section elementor-section-boxed elementor-section-height-default elementor-section-height-default qodef-parallax-row-no qodef-content-aligment-left qodef-disabled-bg-image-bellow-no\" data-id=\"22607e9\" data-element_type=\"section\">\n\t\t\t\t\t\t<div class=\"elementor-container elementor-column-gap-default\">\n\t\t\t\t\t<div class=\"elementor-column elementor-col-50 elementor-inner-column elementor-element elementor-element-35cae85e\" data-id=\"35cae85e\" data-element_type=\"column\">\n\t\t\t<div class=\"elementor-widget-wrap elementor-element-populated\">\n\t\t\t\t\t\t\t\t<div class=\"elementor-element elementor-element-31e5381b elementor-widget elementor-widget-qodef_section_title\" data-id=\"31e5381b\" data-element_type=\"widget\" data-widget_type=\"qodef_section_title.default\">\n\t\t\t\t<div class=\"elementor-widget-container\">\n\t\t\t<div class=\"qodef-section-title-holder  qodef-st-standard qodef-st- qodef-st--space \" >\n\t<div class=\"qodef-st-inner\">\n\t\t\t\t\t<h1 class=\"qodef-st-title\" >\n\t\t\t\tMore than 12 years of experience in the communications sphere\t\t\t<\/h1>\n\t\t        \t\t\t\t\t<p class=\"qodef-st-text\" style=\"margin-top: 20px\">\n\t\t\t\tBrandnomika co-founder Robertas \u0160apalas has been working in the traditional and social media communications sphere for over 12 years. Thanks to his communications strategies, a number of companies, organisations and personal brands have become more visible in the media and on social networks. Increased visibility markedly contributes to accomplishing a company or organisation\u2019s ambitious goals, while a strong personal image and brand serve to open wide opportunities for professional growth.\t\t\t<\/p>\n\t\t\t<\/div>\n<\/div>\t\t<\/div>\n\t\t\t\t<\/div>\n\t\t\t\t<div class=\"elementor-element elementor-element-45c0111 elementor-widget elementor-widget-qodef_section_title\" data-id=\"45c0111\" data-element_type=\"widget\" data-widget_type=\"qodef_section_title.default\">\n\t\t\t\t<div class=\"elementor-widget-container\">\n\t\t\t<div class=\"qodef-section-title-holder  qodef-st-standard qodef-st- qodef-st--space \" >\n\t<div class=\"qodef-st-inner\">\n\t\t        \t\t\t\t\t<p class=\"qodef-st-text\" style=\"margin-top: 20px\">\n\t\t\t\tRobertas \u0160apalas\u2019 achievements in communications\t\t\t<\/p>\n\t\t\t<\/div>\n<\/div>\t\t<\/div>\n\t\t\t\t<\/div>\n\t\t\t\t<div class=\"elementor-element elementor-element-d89bf7b elementor-widget elementor-widget-qodef_section_title\" data-id=\"d89bf7b\" data-element_type=\"widget\" data-widget_type=\"qodef_section_title.default\">\n\t\t\t\t<div class=\"elementor-widget-container\">\n\t\t\t<div class=\"qodef-section-title-holder  qodef-st-standard qodef-st- qodef-st--space \" >\n\t<div class=\"qodef-st-inner\">\n\t\t        \t\t\t\t\t<p class=\"qodef-st-text\" style=\"margin-top: 20px\">\n\t\t\t\t- ISM University of Management and Economics was recognised twice as the best communicating on social media education institution in Lithuania.\t\t\t<\/p>\n\t\t\t<\/div>\n<\/div>\t\t<\/div>\n\t\t\t\t<\/div>\n\t\t\t\t<div class=\"elementor-element elementor-element-2baee2d elementor-widget elementor-widget-qodef_section_title\" data-id=\"2baee2d\" data-element_type=\"widget\" data-widget_type=\"qodef_section_title.default\">\n\t\t\t\t<div class=\"elementor-widget-container\">\n\t\t\t<div class=\"qodef-section-title-holder  qodef-st-standard qodef-st- qodef-st--space \" >\n\t<div class=\"qodef-st-inner\">\n\t\t        \t\t\t\t\t<p class=\"qodef-st-text\" style=\"margin-top: 20px\">\n\t\t\t\t- Due to purposeful communication both on traditional media and social networks, businessman Ilja Laursas was recognised as the most desirable employer in Lithuania.\t\t\t<\/p>\n\t\t\t<\/div>\n<\/div>\t\t<\/div>\n\t\t\t\t<\/div>\n\t\t\t\t<div class=\"elementor-element elementor-element-abb4868 elementor-widget elementor-widget-qodef_section_title\" data-id=\"abb4868\" data-element_type=\"widget\" data-widget_type=\"qodef_section_title.default\">\n\t\t\t\t<div class=\"elementor-widget-container\">\n\t\t\t<div class=\"qodef-section-title-holder  qodef-st-standard qodef-st- qodef-st--space \" >\n\t<div class=\"qodef-st-inner\">\n\t\t        \t\t\t\t\t<p class=\"qodef-st-text\" style=\"margin-top: 20px\">\n\t\t\t\t- The Lithuanian national basketball team forward Edgaras Ulanovas became the first Lithuanian athlete to interact with fans through a direct broadcast on social media. Later, this type of interaction gained popularity among other athletes in our country as well.\t\t\t<\/p>\n\t\t\t<\/div>\n<\/div>\t\t<\/div>\n\t\t\t\t<\/div>\n\t\t\t\t<div class=\"elementor-element elementor-element-20b8503 elementor-widget elementor-widget-qodef_section_title\" data-id=\"20b8503\" data-element_type=\"widget\" data-widget_type=\"qodef_section_title.default\">\n\t\t\t\t<div class=\"elementor-widget-container\">\n\t\t\t<div class=\"qodef-section-title-holder  qodef-st-standard qodef-st- qodef-st--space \" >\n\t<div class=\"qodef-st-inner\">\n\t\t        \t\t\t\t\t<p class=\"qodef-st-text\" style=\"margin-top: 20px\">\n\t\t\t\t- Telia Lietuva was recognised as the best telecommunications company in the Baltic States at making use of the social network LinkedIn.\t\t\t<\/p>\n\t\t\t<\/div>\n<\/div>\t\t<\/div>\n\t\t\t\t<\/div>\n\t\t\t\t<div class=\"elementor-element elementor-element-fc7230a elementor-widget elementor-widget-qodef_section_title\" data-id=\"fc7230a\" data-element_type=\"widget\" data-widget_type=\"qodef_section_title.default\">\n\t\t\t\t<div class=\"elementor-widget-container\">\n\t\t\t<div class=\"qodef-section-title-holder  qodef-st-standard qodef-st- qodef-st--space \" >\n\t<div class=\"qodef-st-inner\">\n\t\t        \t\t\t\t\t<p class=\"qodef-st-text\" style=\"margin-top: 20px\">\n\t\t\t\t- The alternative financing company SME Finance saw its visibility on traditional and social media increase twofold.\t\t\t<\/p>\n\t\t\t<\/div>\n<\/div>\t\t<\/div>\n\t\t\t\t<\/div>\n\t\t\t\t<div class=\"elementor-element elementor-element-364349db elementor-widget elementor-widget-spacer\" data-id=\"364349db\" data-element_type=\"widget\" data-widget_type=\"spacer.default\">\n\t\t\t\t<div class=\"elementor-widget-container\">\n\t\t\t\t\t<div class=\"elementor-spacer\">\n\t\t\t<div class=\"elementor-spacer-inner\"><\/div>\n\t\t<\/div>\n\t\t\t\t<\/div>\n\t\t\t\t<\/div>\n\t\t\t\t\t<\/div>\n\t\t<\/div>\n\t\t\t\t<div class=\"elementor-column elementor-col-50 elementor-inner-column elementor-element elementor-element-68a24f10\" data-id=\"68a24f10\" data-element_type=\"column\">\n\t\t\t<div class=\"elementor-widget-wrap elementor-element-populated\">\n\t\t\t\t\t\t\t\t<div class=\"elementor-element elementor-element-38aae022 elementor-widget elementor-widget-qodef_single_image\" data-id=\"38aae022\" data-element_type=\"widget\" data-widget_type=\"qodef_single_image.default\">\n\t\t\t\t<div class=\"elementor-widget-container\">\n\t\t\t<div class=\"qodef-single-image-holder   \">\n    <div class=\"qodef-si-inner\" >\n                                    <img width=\"1080\" height=\"1623\" src=\"https:\/\/brandnomika.lt\/wp-content\/uploads\/2021\/05\/R.Sapalas_2.jpeg\" class=\"attachment-full size-full\" alt=\"\" loading=\"lazy\" srcset=\"https:\/\/brandnomika.lt\/wp-content\/uploads\/2021\/05\/R.Sapalas_2.jpeg 1080w, https:\/\/brandnomika.lt\/wp-content\/uploads\/2021\/05\/R.Sapalas_2-200x300.jpeg 200w, https:\/\/brandnomika.lt\/wp-content\/uploads\/2021\/05\/R.Sapalas_2-681x1024.jpeg 681w, https:\/\/brandnomika.lt\/wp-content\/uploads\/2021\/05\/R.Sapalas_2-768x1154.jpeg 768w, https:\/\/brandnomika.lt\/wp-content\/uploads\/2021\/05\/R.Sapalas_2-1022x1536.jpeg 1022w\" sizes=\"(max-width: 1080px) 100vw, 1080px\" \/>                        <\/div>\n\t<\/div>\t\t<\/div>\n\t\t\t\t<\/div>\n\t\t\t\t\t<\/div>\n\t\t<\/div>\n\t\t\t\t\t\t\t<\/div>\n\t\t<\/section>\n\t\t\t\t\t<\/div>\n\t\t<\/div>\n\t\t\t\t\t\t\t<\/div>\n\t\t<\/section>\n\t\t\t\t\t\t<\/div>\n\t\t\t\t\t<\/div>\n\t\t","protected":false},"excerpt":{"rendered":"<p>More than 12 years of experience in the communications sphere Brandnomika co-founder Robertas \u0160apalas has been working in the traditional [&hellip;]<\/p>\n","protected":false},"author":1,"featured_media":0,"parent":0,"menu_order":0,"comment_status":"closed","ping_status":"closed","template":"full-width.php","meta":{"om_disable_all_campaigns":false,"_mi_skip_tracking":false,"_monsterinsights_sitenote_active":false,"_monsterinsights_sitenote_note":"","_monsterinsights_sitenote_category":0},"yoast_head":"<!-- This site is optimized with the Yoast SEO Premium plugin v16.1 (Yoast SEO v18.2) - https:\/\/yoast.com\/wordpress\/plugins\/seo\/ -->\n<title>About us - Brandnomika<\/title>\n<meta name=\"description\" content=\"Media Relations, Executive Communication, Corporate Communication, Analytical Communication, Robertas \u0160apalas, Aleksandras Izgorodinas\" \/>\n<meta name=\"robots\" content=\"index, follow, max-snippet:-1, max-image-preview:large, max-video-preview:-1\" \/>\n<link rel=\"canonical\" href=\"https:\/\/brandnomika.lt\/en\/about-us\/\" \/>\n<meta property=\"og:locale\" content=\"en_US\" \/>\n<meta property=\"og:type\" content=\"article\" \/>\n<meta property=\"og:title\" content=\"About us - Brandnomika\" \/>\n<meta property=\"og:description\" content=\"Media Relations, Executive Communication, Corporate Communication, Analytical Communication, Robertas \u0160apalas, Aleksandras Izgorodinas\" \/>\n<meta property=\"og:url\" content=\"https:\/\/brandnomika.lt\/en\/about-us\/\" \/>\n<meta property=\"og:site_name\" content=\"Brandnomika\" \/>\n<meta property=\"article:modified_time\" content=\"2022-08-10T20:33:40+00:00\" \/>\n<meta property=\"og:image\" content=\"https:\/\/brandnomika.lt\/wp-content\/uploads\/2021\/05\/R.Sapalas_2.jpeg\" \/>\n<meta name=\"twitter:card\" content=\"summary_large_image\" \/>\n<meta name=\"twitter:label1\" content=\"Est. reading time\" \/>\n\t<meta name=\"twitter:data1\" content=\"2 minutes\" \/>\n<script type=\"application\/ld+json\" class=\"yoast-schema-graph\">{\"@context\":\"https:\/\/schema.org\",\"@graph\":[{\"@type\":\"WebSite\",\"@id\":\"https:\/\/brandnomika.lt\/#website\",\"url\":\"https:\/\/brandnomika.lt\/\",\"name\":\"Brandnomika\",\"description\":\"Komunikacija, kuri padeda \u012fmon\u0117ms augti grei\u010diau\",\"potentialAction\":[{\"@type\":\"SearchAction\",\"target\":{\"@type\":\"EntryPoint\",\"urlTemplate\":\"https:\/\/brandnomika.lt\/?s={search_term_string}\"},\"query-input\":\"required name=search_term_string\"}],\"inLanguage\":\"en-US\"},{\"@type\":\"ImageObject\",\"@id\":\"https:\/\/brandnomika.lt\/en\/about-us\/#primaryimage\",\"inLanguage\":\"en-US\",\"url\":\"https:\/\/brandnomika.lt\/wp-content\/uploads\/2021\/05\/R.Sapalas_2.jpeg\",\"contentUrl\":\"https:\/\/brandnomika.lt\/wp-content\/uploads\/2021\/05\/R.Sapalas_2.jpeg\",\"width\":1080,\"height\":1623},{\"@type\":\"WebPage\",\"@id\":\"https:\/\/brandnomika.lt\/en\/about-us\/#webpage\",\"url\":\"https:\/\/brandnomika.lt\/en\/about-us\/\",\"name\":\"About us - Brandnomika\",\"isPartOf\":{\"@id\":\"https:\/\/brandnomika.lt\/#website\"},\"primaryImageOfPage\":{\"@id\":\"https:\/\/brandnomika.lt\/en\/about-us\/#primaryimage\"},\"datePublished\":\"2021-06-28T18:49:08+00:00\",\"dateModified\":\"2022-08-10T20:33:40+00:00\",\"description\":\"Media Relations, Executive Communication, Corporate Communication, Analytical Communication, Robertas \u0160apalas, Aleksandras Izgorodinas\",\"breadcrumb\":{\"@id\":\"https:\/\/brandnomika.lt\/en\/about-us\/#breadcrumb\"},\"inLanguage\":\"en-US\",\"potentialAction\":[{\"@type\":\"ReadAction\",\"target\":[\"https:\/\/brandnomika.lt\/en\/about-us\/\"]}]},{\"@type\":\"BreadcrumbList\",\"@id\":\"https:\/\/brandnomika.lt\/en\/about-us\/#breadcrumb\",\"itemListElement\":[{\"@type\":\"ListItem\",\"position\":1,\"name\":\"Home\",\"item\":\"https:\/\/brandnomika.lt\/en\/\"},{\"@type\":\"ListItem\",\"position\":2,\"name\":\"About us\"}]}]}<\/script>\n<!-- \/ Yoast SEO Premium plugin. -->","yoast_head_json":{"title":"About us - Brandnomika","description":"Media Relations, Executive Communication, Corporate Communication, Analytical Communication, Robertas \u0160apalas, Aleksandras Izgorodinas","robots":{"index":"index","follow":"follow","max-snippet":"max-snippet:-1","max-image-preview":"max-image-preview:large","max-video-preview":"max-video-preview:-1"},"canonical":"https:\/\/brandnomika.lt\/en\/about-us\/","og_locale":"en_US","og_type":"article","og_title":"About us - Brandnomika","og_description":"Media Relations, Executive Communication, Corporate Communication, Analytical Communication, Robertas \u0160apalas, Aleksandras Izgorodinas","og_url":"https:\/\/brandnomika.lt\/en\/about-us\/","og_site_name":"Brandnomika","article_modified_time":"2022-08-10T20:33:40+00:00","og_image":[{"url":"https:\/\/brandnomika.lt\/wp-content\/uploads\/2021\/05\/R.Sapalas_2.jpeg"}],"twitter_card":"summary_large_image","twitter_misc":{"Est. reading time":"2 minutes"},"schema":{"@context":"https:\/\/schema.org","@graph":[{"@type":"WebSite","@id":"https:\/\/brandnomika.lt\/#website","url":"https:\/\/brandnomika.lt\/","name":"Brandnomika","description":"Komunikacija, kuri padeda \u012fmon\u0117ms augti grei\u010diau","potentialAction":[{"@type":"SearchAction","target":{"@type":"EntryPoint","urlTemplate":"https:\/\/brandnomika.lt\/?s={search_term_string}"},"query-input":"required name=search_term_string"}],"inLanguage":"en-US"},{"@type":"ImageObject","@id":"https:\/\/brandnomika.lt\/en\/about-us\/#primaryimage","inLanguage":"en-US","url":"https:\/\/brandnomika.lt\/wp-content\/uploads\/2021\/05\/R.Sapalas_2.jpeg","contentUrl":"https:\/\/brandnomika.lt\/wp-content\/uploads\/2021\/05\/R.Sapalas_2.jpeg","width":1080,"height":1623},{"@type":"WebPage","@id":"https:\/\/brandnomika.lt\/en\/about-us\/#webpage","url":"https:\/\/brandnomika.lt\/en\/about-us\/","name":"About us - Brandnomika","isPartOf":{"@id":"https:\/\/brandnomika.lt\/#website"},"primaryImageOfPage":{"@id":"https:\/\/brandnomika.lt\/en\/about-us\/#primaryimage"},"datePublished":"2021-06-28T18:49:08+00:00","dateModified":"2022-08-10T20:33:40+00:00","description":"Media Relations, Executive Communication, Corporate Communication, Analytical Communication, Robertas \u0160apalas, Aleksandras Izgorodinas","breadcrumb":{"@id":"https:\/\/brandnomika.lt\/en\/about-us\/#breadcrumb"},"inLanguage":"en-US","potentialAction":[{"@type":"ReadAction","target":["https:\/\/brandnomika.lt\/en\/about-us\/"]}]},{"@type":"BreadcrumbList","@id":"https:\/\/brandnomika.lt\/en\/about-us\/#breadcrumb","itemListElement":[{"@type":"ListItem","position":1,"name":"Home","item":"https:\/\/brandnomika.lt\/en\/"},{"@type":"ListItem","position":2,"name":"About us"}]}]}},"_links":{"self":[{"href":"https:\/\/brandnomika.lt\/en\/wp-json\/wp\/v2\/pages\/9004"}],"collection":[{"href":"https:\/\/brandnomika.lt\/en\/wp-json\/wp\/v2\/pages"}],"about":[{"href":"https:\/\/brandnomika.lt\/en\/wp-json\/wp\/v2\/types\/page"}],"author":[{"embeddable":true,"href":"https:\/\/brandnomika.lt\/en\/wp-json\/wp\/v2\/users\/1"}],"replies":[{"embeddable":true,"href":"https:\/\/brandnomika.lt\/en\/wp-json\/wp\/v2\/comments?post=9004"}],"version-history":[{"count":13,"href":"https:\/\/brandnomika.lt\/en\/wp-json\/wp\/v2\/pages\/9004\/revisions"}],"predecessor-version":[{"id":11051,"href":"https:\/\/brandnomika.lt\/en\/wp-json\/wp\/v2\/pages\/9004\/revisions\/11051"}],"wp:attachment":[{"href":"https:\/\/brandnomika.lt\/en\/wp-json\/wp\/v2\/media?parent=9004"}],"curies":[{"name":"wp","href":"https:\/\/api.w.org\/{rel}","templated":true}]}}