{"id":9027,"date":"2018-09-20T15:43:51","date_gmt":"2018-09-20T15:43:51","guid":{"rendered":"https:\/\/brandnomika.lt\/apie-mus\/"},"modified":"2022-08-10T20:32:57","modified_gmt":"2022-08-10T20:32:57","slug":"par-mus","status":"publish","type":"page","link":"https:\/\/brandnomika.lt\/lv\/par-mus\/","title":{"rendered":"Par mums"},"content":{"rendered":"\t\t<div data-elementor-type=\"wp-page\" data-elementor-id=\"9027\" class=\"elementor elementor-9027 elementor-1719\" data-elementor-settings=\"[]\">\n\t\t\t\t\t\t\t<div class=\"elementor-section-wrap\">\n\t\t\t\t\t\t\t<section class=\"elementor-section elementor-top-section elementor-element elementor-element-67c45f8b elementor-section-full_width elementor-section-height-default elementor-section-height-default qodef-parallax-row-no qodef-content-aligment-left qodef-row-grid-no qodef-disabled-bg-image-bellow-no\" data-id=\"67c45f8b\" data-element_type=\"section\" data-settings=\"{&quot;background_background&quot;:&quot;classic&quot;}\">\n\t\t\t\t\t\t<div class=\"elementor-container elementor-column-gap-default\">\n\t\t\t\t\t<div class=\"elementor-column elementor-col-100 elementor-top-column elementor-element elementor-element-420d22ef\" data-id=\"420d22ef\" data-element_type=\"column\">\n\t\t\t<div class=\"elementor-widget-wrap elementor-element-populated\">\n\t\t\t\t\t\t\t\t<section class=\"elementor-section elementor-inner-section elementor-element elementor-element-22607e9 qodef-row-grid-section elementor-section-boxed elementor-section-height-default elementor-section-height-default qodef-parallax-row-no qodef-content-aligment-left qodef-disabled-bg-image-bellow-no\" data-id=\"22607e9\" data-element_type=\"section\">\n\t\t\t\t\t\t<div class=\"elementor-container elementor-column-gap-default\">\n\t\t\t\t\t<div class=\"elementor-column elementor-col-50 elementor-inner-column elementor-element elementor-element-35cae85e\" data-id=\"35cae85e\" data-element_type=\"column\">\n\t\t\t<div class=\"elementor-widget-wrap elementor-element-populated\">\n\t\t\t\t\t\t\t\t<div class=\"elementor-element elementor-element-31e5381b elementor-widget elementor-widget-qodef_section_title\" data-id=\"31e5381b\" data-element_type=\"widget\" data-widget_type=\"qodef_section_title.default\">\n\t\t\t\t<div class=\"elementor-widget-container\">\n\t\t\t<div class=\"qodef-section-title-holder  qodef-st-standard qodef-st- qodef-st--space \" >\n\t<div class=\"qodef-st-inner\">\n\t\t\t\t\t<h1 class=\"qodef-st-title\" >\n\t\t\t\tVair\u0101k k\u0101 12 gadu pieredze komunik\u0101cijas jom\u0101 \t\t\t<\/h1>\n\t\t        \t\t\t\t\t<p class=\"qodef-st-text\" style=\"margin-top: 20px\">\n\t\t\t\t\u201dBrandnomika\u201c l\u012bdzdibin\u0101t\u0101js Roberts \u0160apals tradicion\u0101l\u0101s un soci\u0101lo mediju komunik\u0101cijas jom\u0101 str\u0101d\u0101 vair\u0101k k\u0101 12 gadus. Pateicoties R. \u0160apala izstr\u0101d\u0101t\u0101m un \u012bstenot\u0101m strat\u0113\u0123ij\u0101m, vair\u0101ki uz\u0146\u0113mumi, organiz\u0101cijas vai person\u012bgais pre\u010du z\u012bmols ir k\u013cuvu\u0161i par iev\u0113rojami atpaz\u012bstam\u0101kiem pres\u0113 un soci\u0101lajos t\u012bklos. Izaugusi atpaz\u012bstam\u012bba iev\u0113rojami sekm\u0113 ambiciozu uz\u0146\u0113muma vai organiz\u0101cijas m\u0113r\u0137u \u012bsteno\u0161anu, bet sp\u0113c\u012bgs person\u012bgais t\u0113ls vai pre\u010du z\u012bmols paver pla\u0161as iesp\u0113jas turpm\u0101kai izaugsmei profesion\u0101laj\u0101 jom\u0101.\t\t\t<\/p>\n\t\t\t<\/div>\n<\/div>\t\t<\/div>\n\t\t\t\t<\/div>\n\t\t\t\t<div class=\"elementor-element elementor-element-45c0111 elementor-widget elementor-widget-qodef_section_title\" data-id=\"45c0111\" data-element_type=\"widget\" data-widget_type=\"qodef_section_title.default\">\n\t\t\t\t<div class=\"elementor-widget-container\">\n\t\t\t<div class=\"qodef-section-title-holder  qodef-st-standard qodef-st- qodef-st--space \" >\n\t<div class=\"qodef-st-inner\">\n\t\t        \t\t\t\t\t<p class=\"qodef-st-text\" style=\"margin-top: 20px\">\n\t\t\t\tR. \u0160apala sasniegumi komunik\u0101cijas jom\u0101\n\t\t\t<\/p>\n\t\t\t<\/div>\n<\/div>\t\t<\/div>\n\t\t\t\t<\/div>\n\t\t\t\t<div class=\"elementor-element elementor-element-d89bf7b elementor-widget elementor-widget-qodef_section_title\" data-id=\"d89bf7b\" data-element_type=\"widget\" data-widget_type=\"qodef_section_title.default\">\n\t\t\t\t<div class=\"elementor-widget-container\">\n\t\t\t<div class=\"qodef-section-title-holder  qodef-st-standard qodef-st- qodef-st--space \" >\n\t<div class=\"qodef-st-inner\">\n\t\t        \t\t\t\t\t<p class=\"qodef-st-text\" style=\"margin-top: 20px\">\n\t\t\t\t- \u201dISM Vadybos ir ekonomikos universitetas\u201c divreiz atz\u012bta par izgl\u012bt\u012bbas iest\u0101di, kas vislab\u0101k komunic\u0113 soci\u0101lajos t\u012bklos Lietuv\u0101.\t\t\t<\/p>\n\t\t\t<\/div>\n<\/div>\t\t<\/div>\n\t\t\t\t<\/div>\n\t\t\t\t<div class=\"elementor-element elementor-element-2baee2d elementor-widget elementor-widget-qodef_section_title\" data-id=\"2baee2d\" data-element_type=\"widget\" data-widget_type=\"qodef_section_title.default\">\n\t\t\t\t<div class=\"elementor-widget-container\">\n\t\t\t<div class=\"qodef-section-title-holder  qodef-st-standard qodef-st- qodef-st--space \" >\n\t<div class=\"qodef-st-inner\">\n\t\t        \t\t\t\t\t<p class=\"qodef-st-text\" style=\"margin-top: 20px\">\n\t\t\t\t- Pateicoties m\u0113r\u0137tiec\u012bgai komunik\u0101cijai gan tradicion\u0101laj\u0101 pres\u0113, gan soci\u0101lajos t\u012bklos, uz\u0146\u0113m\u0113js Ilja Laurss bija atz\u012bt par vispiepras\u012bt\u0101ko darba dev\u0113ju Lietuv\u0101.\t\t\t<\/p>\n\t\t\t<\/div>\n<\/div>\t\t<\/div>\n\t\t\t\t<\/div>\n\t\t\t\t<div class=\"elementor-element elementor-element-abb4868 elementor-widget elementor-widget-qodef_section_title\" data-id=\"abb4868\" data-element_type=\"widget\" data-widget_type=\"qodef_section_title.default\">\n\t\t\t\t<div class=\"elementor-widget-container\">\n\t\t\t<div class=\"qodef-section-title-holder  qodef-st-standard qodef-st- qodef-st--space \" >\n\t<div class=\"qodef-st-inner\">\n\t\t        \t\t\t\t\t<p class=\"qodef-st-text\" style=\"margin-top: 20px\">\n\t\t\t\t- Lietuvas v\u012brie\u0161u basketbola izlases uzbruc\u0113js Edgars Ulanovs k\u013cuva par pirmo Lietuvas sportistu, kur\u0161 ar l\u012bdzjut\u0113jiem komunic\u0113ja tie\u0161aj\u0101 \u0113ter\u0101 soci\u0101lajos t\u012bklos. V\u0113l\u0101k t\u0101ds komunik\u0101cijas veids k\u013cuva popul\u0101rs ar\u012b starp citiem m\u016bsu valsts sportistiem.\t\t\t<\/p>\n\t\t\t<\/div>\n<\/div>\t\t<\/div>\n\t\t\t\t<\/div>\n\t\t\t\t<div class=\"elementor-element elementor-element-20b8503 elementor-widget elementor-widget-qodef_section_title\" data-id=\"20b8503\" data-element_type=\"widget\" data-widget_type=\"qodef_section_title.default\">\n\t\t\t\t<div class=\"elementor-widget-container\">\n\t\t\t<div class=\"qodef-section-title-holder  qodef-st-standard qodef-st- qodef-st--space \" >\n\t<div class=\"qodef-st-inner\">\n\t\t        \t\t\t\t\t<p class=\"qodef-st-text\" style=\"margin-top: 20px\">\n\t\t\t\t- \u201dTelia Lietuva\u201c bija atz\u012bta par sabiedr\u012bbu, kas vislab\u0101k izmanto soci\u0101l\u0101 t\u012bkla \u201dLinkedln\u201d iesp\u0113jas telekomunik\u0101cijas uz\u0146\u0113mumu starp\u0101 vis\u0101s Baltijas valst\u012bs.\t\t\t<\/p>\n\t\t\t<\/div>\n<\/div>\t\t<\/div>\n\t\t\t\t<\/div>\n\t\t\t\t<div class=\"elementor-element elementor-element-fc7230a elementor-widget elementor-widget-qodef_section_title\" data-id=\"fc7230a\" data-element_type=\"widget\" data-widget_type=\"qodef_section_title.default\">\n\t\t\t\t<div class=\"elementor-widget-container\">\n\t\t\t<div class=\"qodef-section-title-holder  qodef-st-standard qodef-st- qodef-st--space \" >\n\t<div class=\"qodef-st-inner\">\n\t\t        \t\t\t\t\t<p class=\"qodef-st-text\" style=\"margin-top: 20px\">\n\t\t\t\t- Alternat\u012bv\u0101 finans\u0113juma uz\u0146\u0113muma \u201dSME Finance\u201c atpaz\u012bstam\u012bba tradicion\u0101laj\u0101 pres\u0113 un soci\u0101lajos t\u012bklos izauga divreiz.\t\t\t<\/p>\n\t\t\t<\/div>\n<\/div>\t\t<\/div>\n\t\t\t\t<\/div>\n\t\t\t\t<div class=\"elementor-element elementor-element-364349db elementor-widget elementor-widget-spacer\" data-id=\"364349db\" data-element_type=\"widget\" data-widget_type=\"spacer.default\">\n\t\t\t\t<div class=\"elementor-widget-container\">\n\t\t\t\t\t<div class=\"elementor-spacer\">\n\t\t\t<div class=\"elementor-spacer-inner\"><\/div>\n\t\t<\/div>\n\t\t\t\t<\/div>\n\t\t\t\t<\/div>\n\t\t\t\t\t<\/div>\n\t\t<\/div>\n\t\t\t\t<div class=\"elementor-column elementor-col-50 elementor-inner-column elementor-element elementor-element-68a24f10\" data-id=\"68a24f10\" data-element_type=\"column\">\n\t\t\t<div class=\"elementor-widget-wrap elementor-element-populated\">\n\t\t\t\t\t\t\t\t<div class=\"elementor-element elementor-element-38aae022 elementor-widget elementor-widget-qodef_single_image\" data-id=\"38aae022\" data-element_type=\"widget\" data-widget_type=\"qodef_single_image.default\">\n\t\t\t\t<div class=\"elementor-widget-container\">\n\t\t\t<div class=\"qodef-single-image-holder   \">\n    <div class=\"qodef-si-inner\" >\n                                    <img width=\"1080\" height=\"1623\" src=\"https:\/\/brandnomika.lt\/wp-content\/uploads\/2021\/05\/R.Sapalas_2.jpeg\" class=\"attachment-full size-full\" alt=\"\" loading=\"lazy\" srcset=\"https:\/\/brandnomika.lt\/wp-content\/uploads\/2021\/05\/R.Sapalas_2.jpeg 1080w, https:\/\/brandnomika.lt\/wp-content\/uploads\/2021\/05\/R.Sapalas_2-200x300.jpeg 200w, https:\/\/brandnomika.lt\/wp-content\/uploads\/2021\/05\/R.Sapalas_2-681x1024.jpeg 681w, https:\/\/brandnomika.lt\/wp-content\/uploads\/2021\/05\/R.Sapalas_2-768x1154.jpeg 768w, https:\/\/brandnomika.lt\/wp-content\/uploads\/2021\/05\/R.Sapalas_2-1022x1536.jpeg 1022w\" sizes=\"(max-width: 1080px) 100vw, 1080px\" \/>                        <\/div>\n\t<\/div>\t\t<\/div>\n\t\t\t\t<\/div>\n\t\t\t\t\t<\/div>\n\t\t<\/div>\n\t\t\t\t\t\t\t<\/div>\n\t\t<\/section>\n\t\t\t\t\t<\/div>\n\t\t<\/div>\n\t\t\t\t\t\t\t<\/div>\n\t\t<\/section>\n\t\t\t\t\t\t<\/div>\n\t\t\t\t\t<\/div>\n\t\t","protected":false},"excerpt":{"rendered":"<p>Vair\u0101k k\u0101 12 gadu pieredze komunik\u0101cijas jom\u0101 \u201dBrandnomika\u201c l\u012bdzdibin\u0101t\u0101js Roberts \u0160apals tradicion\u0101l\u0101s un soci\u0101lo mediju komunik\u0101cijas jom\u0101 str\u0101d\u0101 vair\u0101k k\u0101 [&hellip;]<\/p>\n","protected":false},"author":1,"featured_media":0,"parent":0,"menu_order":0,"comment_status":"closed","ping_status":"closed","template":"full-width.php","meta":{"om_disable_all_campaigns":false,"_mi_skip_tracking":false,"_monsterinsights_sitenote_active":false,"_monsterinsights_sitenote_note":"","_monsterinsights_sitenote_category":0},"yoast_head":"<!-- This site is optimized with the Yoast SEO Premium plugin v16.1 (Yoast SEO v18.2) - https:\/\/yoast.com\/wordpress\/plugins\/seo\/ -->\n<title>Par mums - Brandnomika<\/title>\n<meta name=\"description\" content=\"Vad\u012bt\u0101ju komunik\u0101cija, Korpor\u0101cijas komunik\u0101cija, Soci\u0101lie mediji, Tirgzin\u012bbas komunik\u0101cija, Digit\u0101l\u0101 tirgzin\u012bba,\" \/>\n<meta name=\"robots\" content=\"index, follow, max-snippet:-1, max-image-preview:large, max-video-preview:-1\" \/>\n<link rel=\"canonical\" href=\"https:\/\/brandnomika.lt\/lv\/about-us\/\" \/>\n<meta property=\"og:locale\" content=\"lv_LV\" \/>\n<meta property=\"og:type\" content=\"article\" \/>\n<meta property=\"og:title\" content=\"Par mums - Brandnomika\" \/>\n<meta property=\"og:description\" content=\"Vad\u012bt\u0101ju komunik\u0101cija, Korpor\u0101cijas komunik\u0101cija, Soci\u0101lie mediji, Tirgzin\u012bbas komunik\u0101cija, Digit\u0101l\u0101 tirgzin\u012bba,\" \/>\n<meta property=\"og:url\" content=\"https:\/\/brandnomika.lt\/en\/about-us\/\" \/>\n<meta property=\"og:site_name\" content=\"Brandnomika\" \/>\n<meta property=\"article:modified_time\" content=\"2022-08-10T20:32:57+00:00\" \/>\n<meta property=\"og:image\" content=\"https:\/\/brandnomika.lt\/wp-content\/uploads\/2021\/05\/R.Sapalas_2.jpeg\" \/>\n<meta name=\"twitter:card\" content=\"summary_large_image\" \/>\n<meta name=\"twitter:label1\" content=\"Est. reading time\" \/>\n\t<meta name=\"twitter:data1\" content=\"2 minutes\" \/>\n<script type=\"application\/ld+json\" class=\"yoast-schema-graph\">{\"@context\":\"https:\/\/schema.org\",\"@graph\":[{\"@type\":\"WebSite\",\"@id\":\"https:\/\/brandnomika.lt\/#website\",\"url\":\"https:\/\/brandnomika.lt\/\",\"name\":\"Brandnomika\",\"description\":\"Komunikacija, kuri padeda \u012fmon\u0117ms augti grei\u010diau\",\"potentialAction\":[{\"@type\":\"SearchAction\",\"target\":{\"@type\":\"EntryPoint\",\"urlTemplate\":\"https:\/\/brandnomika.lt\/?s={search_term_string}\"},\"query-input\":\"required name=search_term_string\"}],\"inLanguage\":\"lv-LV\"},{\"@type\":\"ImageObject\",\"@id\":\"https:\/\/brandnomika.lt\/en\/about-us\/#primaryimage\",\"inLanguage\":\"lv-LV\",\"url\":\"https:\/\/brandnomika.lt\/wp-content\/uploads\/2021\/05\/R.Sapalas_2.jpeg\",\"contentUrl\":\"https:\/\/brandnomika.lt\/wp-content\/uploads\/2021\/05\/R.Sapalas_2.jpeg\",\"width\":1080,\"height\":1623},{\"@type\":\"WebPage\",\"@id\":\"https:\/\/brandnomika.lt\/en\/about-us\/#webpage\",\"url\":\"https:\/\/brandnomika.lt\/en\/about-us\/\",\"name\":\"Par mums - Brandnomika\",\"isPartOf\":{\"@id\":\"https:\/\/brandnomika.lt\/#website\"},\"primaryImageOfPage\":{\"@id\":\"https:\/\/brandnomika.lt\/en\/about-us\/#primaryimage\"},\"datePublished\":\"2018-09-20T15:43:51+00:00\",\"dateModified\":\"2022-08-10T20:32:57+00:00\",\"description\":\"Vad\u012bt\u0101ju komunik\u0101cija, Korpor\u0101cijas komunik\u0101cija, Soci\u0101lie mediji, Tirgzin\u012bbas komunik\u0101cija, Digit\u0101l\u0101 tirgzin\u012bba,\",\"breadcrumb\":{\"@id\":\"https:\/\/brandnomika.lt\/en\/about-us\/#breadcrumb\"},\"inLanguage\":\"lv-LV\",\"potentialAction\":[{\"@type\":\"ReadAction\",\"target\":[\"https:\/\/brandnomika.lt\/en\/about-us\/\"]}]},{\"@type\":\"BreadcrumbList\",\"@id\":\"https:\/\/brandnomika.lt\/en\/about-us\/#breadcrumb\",\"itemListElement\":[{\"@type\":\"ListItem\",\"position\":1,\"name\":\"Home\",\"item\":\"https:\/\/brandnomika.lt\/lv\/\"},{\"@type\":\"ListItem\",\"position\":2,\"name\":\"Par mums\"}]}]}<\/script>\n<!-- \/ Yoast SEO Premium plugin. -->","yoast_head_json":{"title":"Par mums - Brandnomika","description":"Vad\u012bt\u0101ju komunik\u0101cija, Korpor\u0101cijas komunik\u0101cija, Soci\u0101lie mediji, Tirgzin\u012bbas komunik\u0101cija, Digit\u0101l\u0101 tirgzin\u012bba,","robots":{"index":"index","follow":"follow","max-snippet":"max-snippet:-1","max-image-preview":"max-image-preview:large","max-video-preview":"max-video-preview:-1"},"canonical":"https:\/\/brandnomika.lt\/lv\/about-us\/","og_locale":"lv_LV","og_type":"article","og_title":"Par mums - Brandnomika","og_description":"Vad\u012bt\u0101ju komunik\u0101cija, Korpor\u0101cijas komunik\u0101cija, Soci\u0101lie mediji, Tirgzin\u012bbas komunik\u0101cija, Digit\u0101l\u0101 tirgzin\u012bba,","og_url":"https:\/\/brandnomika.lt\/en\/about-us\/","og_site_name":"Brandnomika","article_modified_time":"2022-08-10T20:32:57+00:00","og_image":[{"url":"https:\/\/brandnomika.lt\/wp-content\/uploads\/2021\/05\/R.Sapalas_2.jpeg"}],"twitter_card":"summary_large_image","twitter_misc":{"Est. reading time":"2 minutes"},"schema":{"@context":"https:\/\/schema.org","@graph":[{"@type":"WebSite","@id":"https:\/\/brandnomika.lt\/#website","url":"https:\/\/brandnomika.lt\/","name":"Brandnomika","description":"Komunikacija, kuri padeda \u012fmon\u0117ms augti grei\u010diau","potentialAction":[{"@type":"SearchAction","target":{"@type":"EntryPoint","urlTemplate":"https:\/\/brandnomika.lt\/?s={search_term_string}"},"query-input":"required name=search_term_string"}],"inLanguage":"lv-LV"},{"@type":"ImageObject","@id":"https:\/\/brandnomika.lt\/en\/about-us\/#primaryimage","inLanguage":"lv-LV","url":"https:\/\/brandnomika.lt\/wp-content\/uploads\/2021\/05\/R.Sapalas_2.jpeg","contentUrl":"https:\/\/brandnomika.lt\/wp-content\/uploads\/2021\/05\/R.Sapalas_2.jpeg","width":1080,"height":1623},{"@type":"WebPage","@id":"https:\/\/brandnomika.lt\/en\/about-us\/#webpage","url":"https:\/\/brandnomika.lt\/en\/about-us\/","name":"Par mums - Brandnomika","isPartOf":{"@id":"https:\/\/brandnomika.lt\/#website"},"primaryImageOfPage":{"@id":"https:\/\/brandnomika.lt\/en\/about-us\/#primaryimage"},"datePublished":"2018-09-20T15:43:51+00:00","dateModified":"2022-08-10T20:32:57+00:00","description":"Vad\u012bt\u0101ju komunik\u0101cija, Korpor\u0101cijas komunik\u0101cija, Soci\u0101lie mediji, Tirgzin\u012bbas komunik\u0101cija, Digit\u0101l\u0101 tirgzin\u012bba,","breadcrumb":{"@id":"https:\/\/brandnomika.lt\/en\/about-us\/#breadcrumb"},"inLanguage":"lv-LV","potentialAction":[{"@type":"ReadAction","target":["https:\/\/brandnomika.lt\/en\/about-us\/"]}]},{"@type":"BreadcrumbList","@id":"https:\/\/brandnomika.lt\/en\/about-us\/#breadcrumb","itemListElement":[{"@type":"ListItem","position":1,"name":"Home","item":"https:\/\/brandnomika.lt\/lv\/"},{"@type":"ListItem","position":2,"name":"Par mums"}]}]}},"_links":{"self":[{"href":"https:\/\/brandnomika.lt\/lv\/wp-json\/wp\/v2\/pages\/9027"}],"collection":[{"href":"https:\/\/brandnomika.lt\/lv\/wp-json\/wp\/v2\/pages"}],"about":[{"href":"https:\/\/brandnomika.lt\/lv\/wp-json\/wp\/v2\/types\/page"}],"author":[{"embeddable":true,"href":"https:\/\/brandnomika.lt\/lv\/wp-json\/wp\/v2\/users\/1"}],"replies":[{"embeddable":true,"href":"https:\/\/brandnomika.lt\/lv\/wp-json\/wp\/v2\/comments?post=9027"}],"version-history":[{"count":10,"href":"https:\/\/brandnomika.lt\/lv\/wp-json\/wp\/v2\/pages\/9027\/revisions"}],"predecessor-version":[{"id":11048,"href":"https:\/\/brandnomika.lt\/lv\/wp-json\/wp\/v2\/pages\/9027\/revisions\/11048"}],"wp:attachment":[{"href":"https:\/\/brandnomika.lt\/lv\/wp-json\/wp\/v2\/media?parent=9027"}],"curies":[{"name":"wp","href":"https:\/\/api.w.org\/{rel}","templated":true}]}}