{"id":9058,"date":"2018-09-20T15:43:51","date_gmt":"2018-09-20T15:43:51","guid":{"rendered":"https:\/\/brandnomika.lt\/contact\/"},"modified":"2021-06-28T21:09:59","modified_gmt":"2021-06-28T21:09:59","slug":"kontakti","status":"publish","type":"page","link":"https:\/\/brandnomika.lt\/lv\/kontakti\/","title":{"rendered":"Mekl\u0113jat partneri, kur\u0161 sekm\u0113tu izaugsmi?"},"content":{"rendered":"\t\t<div data-elementor-type=\"wp-page\" data-elementor-id=\"9058\" class=\"elementor elementor-9058 elementor-1798\" data-elementor-settings=\"[]\">\n\t\t\t\t\t\t\t<div class=\"elementor-section-wrap\">\n\t\t\t\t\t\t\t<section class=\"elementor-section elementor-top-section elementor-element elementor-element-bccb13a qodef-row-grid-section elementor-section-boxed elementor-section-height-default elementor-section-height-default qodef-parallax-row-no qodef-content-aligment-left qodef-disabled-bg-image-bellow-no\" data-id=\"bccb13a\" data-element_type=\"section\">\n\t\t\t\t\t\t<div class=\"elementor-container elementor-column-gap-no\">\n\t\t\t\t\t<div class=\"elementor-column elementor-col-50 elementor-top-column elementor-element elementor-element-38c535c\" data-id=\"38c535c\" data-element_type=\"column\">\n\t\t\t<div class=\"elementor-widget-wrap elementor-element-populated\">\n\t\t\t\t\t\t\t\t<div class=\"elementor-element elementor-element-4aa3506 elementor-widget elementor-widget-qodef_section_title\" data-id=\"4aa3506\" data-element_type=\"widget\" data-widget_type=\"qodef_section_title.default\">\n\t\t\t\t<div class=\"elementor-widget-container\">\n\t\t\t<div class=\"qodef-section-title-holder  qodef-st-standard qodef-st- qodef-st--space \" >\n\t<div class=\"qodef-st-inner\">\n\t\t\t\t\t<h1 class=\"qodef-st-title\" >\n\t\t\t\tSazinieties \t\t\t<\/h1>\n\t\t        \t\t\t<\/div>\n<\/div>\t\t<\/div>\n\t\t\t\t<\/div>\n\t\t\t\t<div class=\"elementor-element elementor-element-6390dea elementor-widget elementor-widget-spacer\" data-id=\"6390dea\" data-element_type=\"widget\" data-widget_type=\"spacer.default\">\n\t\t\t\t<div class=\"elementor-widget-container\">\n\t\t\t\t\t<div class=\"elementor-spacer\">\n\t\t\t<div class=\"elementor-spacer-inner\"><\/div>\n\t\t<\/div>\n\t\t\t\t<\/div>\n\t\t\t\t<\/div>\n\t\t\t\t<div class=\"elementor-element elementor-element-dd65dce elementor-widget elementor-widget-qodef_icon_with_text\" data-id=\"dd65dce\" data-element_type=\"widget\" data-widget_type=\"qodef_icon_with_text.default\">\n\t\t\t\t<div class=\"elementor-widget-container\">\n\t\t\t<div class=\"qodef-iwt clearfix  qodef-iwt-icon-left qodef-iwt-icon-tiny\">\n\t<div class=\"qodef-iwt-icon\">\n\t\t\t\t\t<a itemprop=\"url\" href=\"mailto:%20robertas@brandnomika.lt\" target=\"_self\">\n\t\t\t\t\t\t\t\t\t    <span class=\"qodef-icon-shortcode qodef-normal   qodef-icon-tiny\"  >\n                    <span aria-hidden=\"true\" class=\"qodef-icon-font-elegant icon_mail_alt qodef-icon-element\" style=\"\" ><\/span>            <\/span>\n\t\t\t\t\t\t\t\t<\/a>\n\t\t\t<\/div>\n\t<div class=\"qodef-iwt-content\" >\n\t\t        \t\t\t\t\t<p class=\"qodef-iwt-text\" style=\"margin-top: 0px\">robertas@brandnomika.lt<\/p>\n\t\t\t<\/div>\n<\/div>\t\t<\/div>\n\t\t\t\t<\/div>\n\t\t\t\t<div class=\"elementor-element elementor-element-20a185b elementor-widget elementor-widget-spacer\" data-id=\"20a185b\" data-element_type=\"widget\" data-widget_type=\"spacer.default\">\n\t\t\t\t<div class=\"elementor-widget-container\">\n\t\t\t\t\t<div class=\"elementor-spacer\">\n\t\t\t<div class=\"elementor-spacer-inner\"><\/div>\n\t\t<\/div>\n\t\t\t\t<\/div>\n\t\t\t\t<\/div>\n\t\t\t\t<div class=\"elementor-element elementor-element-a8a8cf4 elementor-widget elementor-widget-qodef_icon_with_text\" data-id=\"a8a8cf4\" data-element_type=\"widget\" data-widget_type=\"qodef_icon_with_text.default\">\n\t\t\t\t<div class=\"elementor-widget-container\">\n\t\t\t<div class=\"qodef-iwt clearfix  qodef-iwt-icon-left qodef-iwt-icon-tiny\">\n\t<div class=\"qodef-iwt-icon\">\n\t\t\t\t\t<a itemprop=\"url\" href=\"tel:%20+37061594984\" target=\"_self\">\n\t\t\t\t\t\t\t\t\t    <span class=\"qodef-icon-shortcode qodef-normal   qodef-icon-tiny\"  >\n                    <span aria-hidden=\"true\" class=\"qodef-icon-font-elegant icon_mobile qodef-icon-element\" style=\"\" ><\/span>            <\/span>\n\t\t\t\t\t\t\t\t<\/a>\n\t\t\t<\/div>\n\t<div class=\"qodef-iwt-content\" >\n\t\t        \t\t\t\t\t<p class=\"qodef-iwt-text\" style=\"margin-top: 0px\">+37061594984<\/p>\n\t\t\t<\/div>\n<\/div>\t\t<\/div>\n\t\t\t\t<\/div>\n\t\t\t\t\t<\/div>\n\t\t<\/div>\n\t\t\t\t<div class=\"elementor-column elementor-col-50 elementor-top-column elementor-element elementor-element-88e5e2f\" data-id=\"88e5e2f\" data-element_type=\"column\">\n\t\t\t<div class=\"elementor-widget-wrap elementor-element-populated\">\n\t\t\t\t\t\t\t\t<div class=\"elementor-element elementor-element-b9bade8 elementor-widget elementor-widget-spacer\" data-id=\"b9bade8\" data-element_type=\"widget\" data-widget_type=\"spacer.default\">\n\t\t\t\t<div class=\"elementor-widget-container\">\n\t\t\t\t\t<div class=\"elementor-spacer\">\n\t\t\t<div class=\"elementor-spacer-inner\"><\/div>\n\t\t<\/div>\n\t\t\t\t<\/div>\n\t\t\t\t<\/div>\n\t\t\t\t<div class=\"elementor-element elementor-element-7bdb74e elementor-widget elementor-widget-spacer\" data-id=\"7bdb74e\" data-element_type=\"widget\" data-widget_type=\"spacer.default\">\n\t\t\t\t<div class=\"elementor-widget-container\">\n\t\t\t\t\t<div class=\"elementor-spacer\">\n\t\t\t<div class=\"elementor-spacer-inner\"><\/div>\n\t\t<\/div>\n\t\t\t\t<\/div>\n\t\t\t\t<\/div>\n\t\t\t\t\t<\/div>\n\t\t<\/div>\n\t\t\t\t\t\t\t<\/div>\n\t\t<\/section>\n\t\t\t\t\t\t<\/div>\n\t\t\t\t\t<\/div>\n\t\t","protected":false},"excerpt":{"rendered":"<p>Sazinieties robertas@brandnomika.lt +37061594984<\/p>\n","protected":false},"author":1,"featured_media":0,"parent":0,"menu_order":0,"comment_status":"closed","ping_status":"closed","template":"full-width.php","meta":{"om_disable_all_campaigns":false,"_mi_skip_tracking":false,"_monsterinsights_sitenote_active":false,"_monsterinsights_sitenote_note":"","_monsterinsights_sitenote_category":0},"yoast_head":"<!-- This site is optimized with the Yoast SEO Premium plugin v16.1 (Yoast SEO v18.2) - https:\/\/yoast.com\/wordpress\/plugins\/seo\/ -->\n<title>Mekl\u0113jat partneri, kur\u0161 sekm\u0113tu izaugsmi? - Brandnomika<\/title>\n<meta name=\"robots\" content=\"index, follow, max-snippet:-1, max-image-preview:large, max-video-preview:-1\" \/>\n<link rel=\"canonical\" href=\"https:\/\/brandnomika.lt\/lv\/kontakti\/\" \/>\n<meta property=\"og:locale\" content=\"lv_LV\" \/>\n<meta property=\"og:type\" content=\"article\" \/>\n<meta property=\"og:title\" content=\"Mekl\u0113jat partneri, kur\u0161 sekm\u0113tu izaugsmi? - Brandnomika\" \/>\n<meta property=\"og:description\" content=\"Sazinieties robertas@brandnomika.lt +37061594984\" \/>\n<meta property=\"og:url\" content=\"https:\/\/brandnomika.lt\/lv\/kontakti\/\" \/>\n<meta property=\"og:site_name\" content=\"Brandnomika\" \/>\n<meta property=\"article:modified_time\" content=\"2021-06-28T21:09:59+00:00\" \/>\n<meta name=\"twitter:card\" content=\"summary_large_image\" \/>\n<meta name=\"twitter:label1\" content=\"Est. reading time\" \/>\n\t<meta name=\"twitter:data1\" content=\"1 minute\" \/>\n<script type=\"application\/ld+json\" class=\"yoast-schema-graph\">{\"@context\":\"https:\/\/schema.org\",\"@graph\":[{\"@type\":\"WebSite\",\"@id\":\"https:\/\/brandnomika.lt\/#website\",\"url\":\"https:\/\/brandnomika.lt\/\",\"name\":\"Brandnomika\",\"description\":\"Komunikacija, kuri padeda \u012fmon\u0117ms augti grei\u010diau\",\"potentialAction\":[{\"@type\":\"SearchAction\",\"target\":{\"@type\":\"EntryPoint\",\"urlTemplate\":\"https:\/\/brandnomika.lt\/?s={search_term_string}\"},\"query-input\":\"required name=search_term_string\"}],\"inLanguage\":\"lv-LV\"},{\"@type\":\"WebPage\",\"@id\":\"https:\/\/brandnomika.lt\/lv\/kontakti\/#webpage\",\"url\":\"https:\/\/brandnomika.lt\/lv\/kontakti\/\",\"name\":\"Mekl\u0113jat partneri, kur\u0161 sekm\u0113tu izaugsmi? - Brandnomika\",\"isPartOf\":{\"@id\":\"https:\/\/brandnomika.lt\/#website\"},\"datePublished\":\"2018-09-20T15:43:51+00:00\",\"dateModified\":\"2021-06-28T21:09:59+00:00\",\"breadcrumb\":{\"@id\":\"https:\/\/brandnomika.lt\/lv\/kontakti\/#breadcrumb\"},\"inLanguage\":\"lv-LV\",\"potentialAction\":[{\"@type\":\"ReadAction\",\"target\":[\"https:\/\/brandnomika.lt\/lv\/kontakti\/\"]}]},{\"@type\":\"BreadcrumbList\",\"@id\":\"https:\/\/brandnomika.lt\/lv\/kontakti\/#breadcrumb\",\"itemListElement\":[{\"@type\":\"ListItem\",\"position\":1,\"name\":\"Home\",\"item\":\"https:\/\/brandnomika.lt\/lv\/\"},{\"@type\":\"ListItem\",\"position\":2,\"name\":\"Mekl\u0113jat partneri, kur\u0161 sekm\u0113tu izaugsmi?\"}]}]}<\/script>\n<!-- \/ Yoast SEO Premium plugin. -->","yoast_head_json":{"title":"Mekl\u0113jat partneri, kur\u0161 sekm\u0113tu izaugsmi? - Brandnomika","robots":{"index":"index","follow":"follow","max-snippet":"max-snippet:-1","max-image-preview":"max-image-preview:large","max-video-preview":"max-video-preview:-1"},"canonical":"https:\/\/brandnomika.lt\/lv\/kontakti\/","og_locale":"lv_LV","og_type":"article","og_title":"Mekl\u0113jat partneri, kur\u0161 sekm\u0113tu izaugsmi? - Brandnomika","og_description":"Sazinieties robertas@brandnomika.lt +37061594984","og_url":"https:\/\/brandnomika.lt\/lv\/kontakti\/","og_site_name":"Brandnomika","article_modified_time":"2021-06-28T21:09:59+00:00","twitter_card":"summary_large_image","twitter_misc":{"Est. reading time":"1 minute"},"schema":{"@context":"https:\/\/schema.org","@graph":[{"@type":"WebSite","@id":"https:\/\/brandnomika.lt\/#website","url":"https:\/\/brandnomika.lt\/","name":"Brandnomika","description":"Komunikacija, kuri padeda \u012fmon\u0117ms augti grei\u010diau","potentialAction":[{"@type":"SearchAction","target":{"@type":"EntryPoint","urlTemplate":"https:\/\/brandnomika.lt\/?s={search_term_string}"},"query-input":"required name=search_term_string"}],"inLanguage":"lv-LV"},{"@type":"WebPage","@id":"https:\/\/brandnomika.lt\/lv\/kontakti\/#webpage","url":"https:\/\/brandnomika.lt\/lv\/kontakti\/","name":"Mekl\u0113jat partneri, kur\u0161 sekm\u0113tu izaugsmi? - Brandnomika","isPartOf":{"@id":"https:\/\/brandnomika.lt\/#website"},"datePublished":"2018-09-20T15:43:51+00:00","dateModified":"2021-06-28T21:09:59+00:00","breadcrumb":{"@id":"https:\/\/brandnomika.lt\/lv\/kontakti\/#breadcrumb"},"inLanguage":"lv-LV","potentialAction":[{"@type":"ReadAction","target":["https:\/\/brandnomika.lt\/lv\/kontakti\/"]}]},{"@type":"BreadcrumbList","@id":"https:\/\/brandnomika.lt\/lv\/kontakti\/#breadcrumb","itemListElement":[{"@type":"ListItem","position":1,"name":"Home","item":"https:\/\/brandnomika.lt\/lv\/"},{"@type":"ListItem","position":2,"name":"Mekl\u0113jat partneri, kur\u0161 sekm\u0113tu izaugsmi?"}]}]}},"_links":{"self":[{"href":"https:\/\/brandnomika.lt\/lv\/wp-json\/wp\/v2\/pages\/9058"}],"collection":[{"href":"https:\/\/brandnomika.lt\/lv\/wp-json\/wp\/v2\/pages"}],"about":[{"href":"https:\/\/brandnomika.lt\/lv\/wp-json\/wp\/v2\/types\/page"}],"author":[{"embeddable":true,"href":"https:\/\/brandnomika.lt\/lv\/wp-json\/wp\/v2\/users\/1"}],"replies":[{"embeddable":true,"href":"https:\/\/brandnomika.lt\/lv\/wp-json\/wp\/v2\/comments?post=9058"}],"version-history":[{"count":4,"href":"https:\/\/brandnomika.lt\/lv\/wp-json\/wp\/v2\/pages\/9058\/revisions"}],"predecessor-version":[{"id":9066,"href":"https:\/\/brandnomika.lt\/lv\/wp-json\/wp\/v2\/pages\/9058\/revisions\/9066"}],"wp:attachment":[{"href":"https:\/\/brandnomika.lt\/lv\/wp-json\/wp\/v2\/media?parent=9058"}],"curies":[{"name":"wp","href":"https:\/\/api.w.org\/{rel}","templated":true}]}}