{"id":9069,"date":"2021-04-26T19:19:14","date_gmt":"2021-04-26T19:19:14","guid":{"rendered":"https:\/\/brandnomika.lt\/privatumo-politika\/"},"modified":"2021-06-28T21:22:33","modified_gmt":"2021-06-28T21:22:33","slug":"privatumo-politika","status":"publish","type":"page","link":"https:\/\/brandnomika.lt\/lv\/privatumo-politika\/","title":{"rendered":"Privatumo politika"},"content":{"rendered":"<p>Priv\u0101tuma politikas m\u0113r\u0137is ir sniegt fiziskai personai &#8211; datu subjektam &#8211; inform\u0101ciju par nol\u016bkiem, k\u0101diem personas dati tiek apstr\u0101d\u0101ti, piem\u0113rojamo juridisko pamatu, apstr\u0101des apjomu, aizsardz\u012bbu un apstr\u0101des laiku datu v\u0101k\u0161anas un datu apstr\u0101des laik\u0101. datu subjekta personas datus.<\/p>\n<p>DATU KONTROL\u0112T\u0100JS UN VI\u0145A KONTAKTI<\/p>\n<p>1. Personas datu apstr\u0101des p\u0101rzinis ir MB Brandnomika \u012em. Kods: 305666240, juridisk\u0101s adreses adrese Au\u0161ros al. 66A, LT-76233 \u0160iauliai, (turpm\u0101k &#8211; Brandnomika);<\/p>\n<p>2. Brandnomika kontaktinform\u0101cija par jaut\u0101jumiem, kas saist\u012bti ar personas datu apstr\u0101di &#8211; robertas@brandnomika.lt. Izmantojot \u0161o kontaktinform\u0101ciju vai sazinoties ar Brandnomika juridisko adresi, j\u016bs varat uzdot jaut\u0101jumus par personas datu apstr\u0101di. Pieteikumu par savu ties\u012bbu izmanto\u0161anu var iesniegt saska\u0146\u0101 ar 23. punktu.<\/p>\n<p>3. Brandnomika kontaktinform\u0101cija, lai inform\u0113tu par iesp\u0113jamiem datu aizsardz\u012bbas p\u0101rk\u0101pumiem: robertas@brandnomika.lt<\/p>\n<p>VISP\u0100R\u012aGI NOTEIKUMI<\/p>\n<p>4. Personas dati ir jebkura inform\u0101cija, kas attiecas uz identific\u0113tu vai identific\u0113jamu fizisku personu.<\/p>\n<p>5. Priv\u0101tuma politika tiek piem\u0113rota, lai nodro\u0161in\u0101tu \u0161\u0101du grupu (turpm\u0101k &#8211; Klienti) priv\u0101tuma un personas datu aizsardz\u012bbu:<\/p>\n<p>5.1. priv\u0101tpersonas &#8211; Brandnomika klienti (tostarp potenci\u0101lie, biju\u0161ie un tagad\u0113jie);<\/p>\n<p>5.2. Brandnomika biroja un citu telpu apmekl\u0113t\u0101jiem, ar\u012b tiem, kas izmanto videonov\u0113ro\u0161anas sist\u0113mu;<\/p>\n<p>5.3. Brandnomics izveidoto viet\u0146u apmekl\u0113t\u0101ji;<\/p>\n<p>5.4. personas, kuru personas dati tiek apstr\u0101d\u0101ti soci\u0101lajos t\u012bklos un ir iesaist\u012bti Brandnomika organiz\u0113taj\u0101s m\u0101rketinga aktivit\u0101t\u0113s.<\/p>\n<p>6. Brandnomika r\u016bp\u0113jas par Klientu priv\u0101tumu un personas datu aizsardz\u012bbu, iev\u0113ro Klientu ties\u012bbas uz personas datu apstr\u0101des likum\u012bbu saska\u0146\u0101 ar sp\u0113k\u0101 eso\u0161ajiem ties\u012bbu aktiem &#8211; Fizisko personu aizsardz\u012bbas likumu, Eiropas Parlamentu un Padomi 2016. gada. 27. apr\u012blis Regula 2016\/679 par personu aizsardz\u012bbu attiec\u012bb\u0101 uz personas datu apstr\u0101di un \u0161\u0101du datu br\u012bvu apriti (turpm\u0101k &#8220;regula&#8221;) un citi piem\u0113rojamie ties\u012bbu akti attiec\u012bb\u0101 uz priv\u0101tumu un datu apstr\u0101di.<\/p>\n<p>7. Priv\u0101tuma politika attiecas uz datu apstr\u0101di neatkar\u012bgi no formas un \/ vai vides, kur\u0101 Klients sniedz personas datus (person\u012bgi, Brandnomika vietn\u0113, pap\u012bra form\u0101t\u0101 vai pa t\u0101lruni).<\/p>\n<p>PERSONAS DATU APSTR\u0100DES M\u0112R\u0136IS<\/p>\n<p>8. Brandnomika apstr\u0101d\u0101 personas datus \u0161\u0101diem m\u0113r\u0137iem:<\/p>\n<p>8.1. Pakalpojumu snieg\u0161ana un klientu konsult\u0113\u0161ana:<\/p>\n<p>8.1.1. identific\u0113t klientu;<\/p>\n<p>8.1.2. l\u012bgumu sast\u0101d\u012b\u0161ana un sl\u0113g\u0161ana;<\/p>\n<p>8.1.3. sniegt pakalpojumus;<\/p>\n<p>8.1.4. att\u012bst\u012bt jaunus pakalpojumus;<\/p>\n<p>8.1.5. pre\u010du un pakalpojumu reklam\u0113\u0161anai un att\u012bst\u012b\u0161anai vai komerci\u0101liem m\u0113r\u0137iem;<\/p>\n<p>8.1.6. apkalpot klientus;<\/p>\n<p>8.1.7. izskat\u012bt iebildumu pazi\u0146ojumus vai pras\u012bbas;<\/p>\n<p>8.1.8. notur\u0113t klientus, palielin\u0101t lojalit\u0101ti, veikt apmierin\u0101t\u012bbas aptaujas; 8.1.9. administr\u0113t nor\u0113\u0137inus;<\/p>\n<p>8.1.10. piedz\u012bt un piedz\u012bt par\u0101dus;<\/p>\n<p>8.1.11. uztur\u0113t un uzlabot vietnes un mobil\u0101s lietotnes;<\/p>\n<p>8.2. Biznesa pl\u0101no\u0161ana un anal\u012bze;<\/p>\n<p>8.3. Lai aizsarg\u0101tu klientu dro\u0161\u012bbu un uz\u0146\u0113muma akt\u012bvus;<\/p>\n<p>8.4. Citiem \u012bpa\u0161iem m\u0113r\u0137iem, kuriem Klienta piekri\u0161ana ir ieg\u016bta, sniedzot Brandnomika \u012bpa\u0161us datus.<\/p>\n<p>PERSONAS DATU APSTR\u0100DES JURIDISKAIS PAMATS<\/p>\n<p>9. Brandnomika apstr\u0101d\u0101 Klienta personas datus, pamatojoties uz \u0161\u0101du juridisko pamatu &#8211;<\/p>\n<p>9.1. l\u012bguma nosl\u0113g\u0161ana un izpild\u012b\u0161ana &#8211; lai nosl\u0113gtu l\u012bgumu p\u0113c Pas\u016bt\u012bt\u0101ja piepras\u012bjuma un nodro\u0161in\u0101tu t\u0101 izpildi (par l\u012bgumu tiek uzskat\u012bta ar\u012b mutiska vieno\u0161an\u0101s par preces vai pakalpojuma ieg\u0101di);<\/p>\n<p>9.2. Izpilde &#8211; lai izpild\u012btu saist\u012bbas, kas paredz\u0113tas Brandnomika saisto\u0161ajos \u0101r\u0113jos ties\u012bbu aktos;<\/p>\n<p>9.3. pamatojoties uz Klienta, datu subjekta, piekri\u0161anu;<\/p>\n<p>9.4. likum\u012bg\u0101s (likum\u012bg\u0101s) intereses &#8211; lai \u012bstenotu past\u0101vo\u0161\u0101s attiec\u012bbas vai nosl\u0113gto l\u012bgumu starp Brandnomika un Klientu vai likum\u0101 noteikt\u0101s (likum\u012bg\u0101s) Brandnomika intereses.<\/p>\n<p>10. Brandnomika likum\u012bg\u0101s (likum\u012bg\u0101s) intereses ir:<\/p>\n<p>10.1. iesaist\u012bties komercdarb\u012bb\u0101;<\/p>\n<p>10.2. pirms pakalpojumu ieg\u0101des p\u0101rbaudiet Klienta identit\u0101ti; 10.3. nodro\u0161in\u0101t l\u012bgumsaist\u012bbu izpildi;<\/p>\n<p>10.4. saglab\u0101t klientu piepras\u012bjumus un lietojumprogrammas, kas saist\u012btas ar pakalpojumu snieg\u0161anu;<\/p>\n<p>10.5. veikt pas\u0101kumus, lai piesaist\u012btu un \/ vai notur\u0113tu klientus;<\/p>\n<p>10.6. segment\u0113t klientu datu b\u0101zi, lai nodro\u0161in\u0101tu efekt\u012bv\u0101ku pakalpojumu snieg\u0161anu;<\/p>\n<p>10.7. izveidot un uzlabot preces un pakalpojumus;<\/p>\n<p>10.8. reklam\u0113t savus pakalpojumus, nos\u016btot komerci\u0101lus zi\u0146ojumus;<\/p>\n<p>10.9. nos\u016bt\u012bt citus pazi\u0146ojumus par l\u012bguma izpildes gaitu un l\u012bguma izpildei noz\u012bm\u012bgiem notikumiem, k\u0101 ar\u012b veikt klientu aptaujas par prec\u0113m un pakalpojumiem un to izmanto\u0161anas pieredzi;<\/p>\n<p>10.10. nov\u0113rst kr\u0101p\u0161anos pret uz\u0146\u0113mumu;<\/p>\n<p>10.11. nodro\u0161in\u0101t uz\u0146\u0113muma vad\u012bbu, finan\u0161u un biznesa uzskaiti un anal\u012bzi;<\/p>\n<p>10.12. nodro\u0161in\u0101t efekt\u012bvus uz\u0146\u0113muma vad\u012bbas procesus;<\/p>\n<p>10.13. nodro\u0161in\u0101t un uzlabot pakalpojumu kvalit\u0101ti;<\/p>\n<p>10.14. administr\u0113t maks\u0101jumus;<\/p>\n<p>10.15. inform\u0113t uz\u0146\u0113mumu par notieko\u0161aj\u0101m darb\u012bb\u0101m.<\/p>\n<p>PERSONAS DATU APSTR\u0100DE<\/p>\n<p>11. Brandnomika apstr\u0101d\u0101 klientu datus, izmantojot moderno tehnolo\u0123iju<\/p>\n","protected":false},"excerpt":{"rendered":"<p>Priv\u0101tuma politikas m\u0113r\u0137is ir sniegt fiziskai personai &#8211; datu subjektam &#8211; inform\u0101ciju par nol\u016bkiem, k\u0101diem personas dati tiek apstr\u0101d\u0101ti, piem\u0113rojamo [&hellip;]<\/p>\n","protected":false},"author":1,"featured_media":0,"parent":0,"menu_order":0,"comment_status":"closed","ping_status":"closed","template":"","meta":{"om_disable_all_campaigns":false,"_mi_skip_tracking":false,"_monsterinsights_sitenote_active":false,"_monsterinsights_sitenote_note":"","_monsterinsights_sitenote_category":0},"yoast_head":"<!-- This site is optimized with the Yoast SEO Premium plugin v16.1 (Yoast SEO v18.2) - https:\/\/yoast.com\/wordpress\/plugins\/seo\/ -->\n<title>Privatumo politika - Brandnomika<\/title>\n<meta name=\"robots\" content=\"index, follow, max-snippet:-1, max-image-preview:large, max-video-preview:-1\" \/>\n<link rel=\"canonical\" href=\"https:\/\/brandnomika.lt\/lv\/privatumo-politika\/\" \/>\n<meta property=\"og:locale\" content=\"lv_LV\" \/>\n<meta property=\"og:type\" content=\"article\" \/>\n<meta property=\"og:title\" content=\"Privatumo politika - Brandnomika\" \/>\n<meta property=\"og:description\" content=\"Priv\u0101tuma politikas m\u0113r\u0137is ir sniegt fiziskai personai &#8211; datu subjektam &#8211; inform\u0101ciju par nol\u016bkiem, k\u0101diem personas dati tiek apstr\u0101d\u0101ti, piem\u0113rojamo [&hellip;]\" \/>\n<meta property=\"og:url\" content=\"https:\/\/brandnomika.lt\/lv\/privatumo-politika\/\" \/>\n<meta property=\"og:site_name\" content=\"Brandnomika\" \/>\n<meta property=\"article:modified_time\" content=\"2021-06-28T21:22:33+00:00\" \/>\n<meta name=\"twitter:card\" content=\"summary_large_image\" \/>\n<meta name=\"twitter:label1\" content=\"Est. reading time\" \/>\n\t<meta name=\"twitter:data1\" content=\"3 minutes\" \/>\n<script type=\"application\/ld+json\" class=\"yoast-schema-graph\">{\"@context\":\"https:\/\/schema.org\",\"@graph\":[{\"@type\":\"WebSite\",\"@id\":\"https:\/\/brandnomika.lt\/#website\",\"url\":\"https:\/\/brandnomika.lt\/\",\"name\":\"Brandnomika\",\"description\":\"Komunikacija, kuri padeda \u012fmon\u0117ms augti grei\u010diau\",\"potentialAction\":[{\"@type\":\"SearchAction\",\"target\":{\"@type\":\"EntryPoint\",\"urlTemplate\":\"https:\/\/brandnomika.lt\/?s={search_term_string}\"},\"query-input\":\"required name=search_term_string\"}],\"inLanguage\":\"lv-LV\"},{\"@type\":\"WebPage\",\"@id\":\"https:\/\/brandnomika.lt\/lv\/privatumo-politika\/#webpage\",\"url\":\"https:\/\/brandnomika.lt\/lv\/privatumo-politika\/\",\"name\":\"Privatumo politika - Brandnomika\",\"isPartOf\":{\"@id\":\"https:\/\/brandnomika.lt\/#website\"},\"datePublished\":\"2021-04-26T19:19:14+00:00\",\"dateModified\":\"2021-06-28T21:22:33+00:00\",\"breadcrumb\":{\"@id\":\"https:\/\/brandnomika.lt\/lv\/privatumo-politika\/#breadcrumb\"},\"inLanguage\":\"lv-LV\",\"potentialAction\":[{\"@type\":\"ReadAction\",\"target\":[\"https:\/\/brandnomika.lt\/lv\/privatumo-politika\/\"]}]},{\"@type\":\"BreadcrumbList\",\"@id\":\"https:\/\/brandnomika.lt\/lv\/privatumo-politika\/#breadcrumb\",\"itemListElement\":[{\"@type\":\"ListItem\",\"position\":1,\"name\":\"Home\",\"item\":\"https:\/\/brandnomika.lt\/lv\/\"},{\"@type\":\"ListItem\",\"position\":2,\"name\":\"Privatumo politika\"}]}]}<\/script>\n<!-- \/ Yoast SEO Premium plugin. -->","yoast_head_json":{"title":"Privatumo politika - Brandnomika","robots":{"index":"index","follow":"follow","max-snippet":"max-snippet:-1","max-image-preview":"max-image-preview:large","max-video-preview":"max-video-preview:-1"},"canonical":"https:\/\/brandnomika.lt\/lv\/privatumo-politika\/","og_locale":"lv_LV","og_type":"article","og_title":"Privatumo politika - Brandnomika","og_description":"Priv\u0101tuma politikas m\u0113r\u0137is ir sniegt fiziskai personai &#8211; datu subjektam &#8211; inform\u0101ciju par nol\u016bkiem, k\u0101diem personas dati tiek apstr\u0101d\u0101ti, piem\u0113rojamo [&hellip;]","og_url":"https:\/\/brandnomika.lt\/lv\/privatumo-politika\/","og_site_name":"Brandnomika","article_modified_time":"2021-06-28T21:22:33+00:00","twitter_card":"summary_large_image","twitter_misc":{"Est. reading time":"3 minutes"},"schema":{"@context":"https:\/\/schema.org","@graph":[{"@type":"WebSite","@id":"https:\/\/brandnomika.lt\/#website","url":"https:\/\/brandnomika.lt\/","name":"Brandnomika","description":"Komunikacija, kuri padeda \u012fmon\u0117ms augti grei\u010diau","potentialAction":[{"@type":"SearchAction","target":{"@type":"EntryPoint","urlTemplate":"https:\/\/brandnomika.lt\/?s={search_term_string}"},"query-input":"required name=search_term_string"}],"inLanguage":"lv-LV"},{"@type":"WebPage","@id":"https:\/\/brandnomika.lt\/lv\/privatumo-politika\/#webpage","url":"https:\/\/brandnomika.lt\/lv\/privatumo-politika\/","name":"Privatumo politika - Brandnomika","isPartOf":{"@id":"https:\/\/brandnomika.lt\/#website"},"datePublished":"2021-04-26T19:19:14+00:00","dateModified":"2021-06-28T21:22:33+00:00","breadcrumb":{"@id":"https:\/\/brandnomika.lt\/lv\/privatumo-politika\/#breadcrumb"},"inLanguage":"lv-LV","potentialAction":[{"@type":"ReadAction","target":["https:\/\/brandnomika.lt\/lv\/privatumo-politika\/"]}]},{"@type":"BreadcrumbList","@id":"https:\/\/brandnomika.lt\/lv\/privatumo-politika\/#breadcrumb","itemListElement":[{"@type":"ListItem","position":1,"name":"Home","item":"https:\/\/brandnomika.lt\/lv\/"},{"@type":"ListItem","position":2,"name":"Privatumo politika"}]}]}},"_links":{"self":[{"href":"https:\/\/brandnomika.lt\/lv\/wp-json\/wp\/v2\/pages\/9069"}],"collection":[{"href":"https:\/\/brandnomika.lt\/lv\/wp-json\/wp\/v2\/pages"}],"about":[{"href":"https:\/\/brandnomika.lt\/lv\/wp-json\/wp\/v2\/types\/page"}],"author":[{"embeddable":true,"href":"https:\/\/brandnomika.lt\/lv\/wp-json\/wp\/v2\/users\/1"}],"replies":[{"embeddable":true,"href":"https:\/\/brandnomika.lt\/lv\/wp-json\/wp\/v2\/comments?post=9069"}],"version-history":[{"count":3,"href":"https:\/\/brandnomika.lt\/lv\/wp-json\/wp\/v2\/pages\/9069\/revisions"}],"predecessor-version":[{"id":9072,"href":"https:\/\/brandnomika.lt\/lv\/wp-json\/wp\/v2\/pages\/9069\/revisions\/9072"}],"wp:attachment":[{"href":"https:\/\/brandnomika.lt\/lv\/wp-json\/wp\/v2\/media?parent=9069"}],"curies":[{"name":"wp","href":"https:\/\/api.w.org\/{rel}","templated":true}]}}